{"id":2,"date":"2012-09-16T14:29:26","date_gmt":"2012-09-16T14:29:26","guid":{"rendered":"http:\/\/www.hitco.at\/blog\/?page_id=2"},"modified":"2020-11-13T19:52:21","modified_gmt":"2020-11-13T18:52:21","slug":"impressum","status":"publish","type":"page","link":"https:\/\/hitco.at\/blog\/impressum\/","title":{"rendered":"Impressum und Datenschutzerkl\u00e4rung"},"content":{"rendered":"<p>Private Website von: Gunnar Haslinger,&nbsp;1140&nbsp;Wien, \u00d6sterreich<\/p>\n<p>Detaillierte Kontaktinformationen siehe:&nbsp;<a href=\"https:\/\/www.gunnar.haslinger.biz\" target=\"_blank\" rel=\"noopener noreferrer\">https:\/\/www.gunnar.haslinger.biz<\/a><\/p>\n<h3>Vertrauliche Kommunikation per E-Mail mittels GPG<\/h3>\n<p>Ich nehme auch verschl\u00fcsselte Mails entgegen, meinen GPG-Key erhalten Sie vom Keyserver ihres Vertrauens oder <a href=\"https:\/\/gunnar.haslinger.biz\/Gunnar-Haslinger-0x81C190D57556CCEB-GPG-Key.pub.asc\" target=\"_blank\" rel=\"noopener noreferrer\">hier:&nbsp;GPG Key ID:&nbsp;0x81C190D57556CCEB,&nbsp;GPG Fingerprint:&nbsp;0A66 10EC 89A8 B69A 2DB2 B75A 81C1 90D5 7556 CCEB<\/a><\/p>\n<h3 id=\"heading_Erklaerung_zur_Informationspflicht_2\">Erkl\u00e4rung zur Informationspflicht (Datenschutzerkl\u00e4rung)<\/h3>\n<p>Ich lege gro\u00dfen Wert auf den Schutz Ihrer Daten. Ihre Daten werden ausschlie\u00dflich auf Grundlage gesetzlicher Bestimmungen &nbsp;gespeichert. Um Sie in vollem Umfang \u00fcber die Verwendung personenbezogener Daten zu informieren, lesen Sie bitte die folgenden Datenschutz-Hinweise.<\/p>\n<ul>\n<li><strong>Pers\u00f6nliche Daten:<\/strong> Pers\u00f6nliche Daten, die Sie auf dieser Website elektronisch \u00fcbermitteln, wie zum Beispiel Name, E-Mail-Adresse oder andere pers\u00f6nliche Angaben, werden nur zum jeweils angegebenen Zweck verwendet, sicher verwahrt und nicht an Dritte weitergegeben. Der Webserver speichert automatisch Daten wie verwendeter Browser, Betriebssystem, Verweisseite, IP-Adresse, Uhrzeit des Zugriffs usw. Diese Daten k\u00f6nnen ohne Pr\u00fcfung weiterer Datenquellen keinen bestimmten Personen zugeordnet werden und ich werte diese Daten auch nicht weiter aus solange keine rechtswidrige Nutzung der Website vorliegt.<\/li>\n<li><strong>Formulardaten und Kommentare:<\/strong> Wenn Sie Formulareintr\u00e4ge (Kommentare) hinterlassen, werden die von Ihnen eingegebenen Daten&nbsp;gespeichert und als Kommentare auf der Website \u00f6ffentlich sichtbar. \u00dcbermitteln Sie daher keinerlei Informationen mittels Kommentar, welche nicht aktiv ver\u00f6ffentlicht werden sollen. Eingegebene Kommentare werden vor Ver\u00f6ffentlichung automatisiert mittels des Dienstes&nbsp;<a href=\"https:\/\/akismet.com\/\" target=\"_blank\" rel=\"noopener noreferrer\">AKISMET<\/a>&nbsp;auf SPAM gepr\u00fcft, die <a href=\"https:\/\/automattic.com\/privacy-notice\/\" target=\"_blank\" rel=\"noopener noreferrer\">Privacy-Informationen f\u00fcr AKISMET finden Sie hier<\/a>. Um eine automatisierte Erstellung von Kommentaren durch Bots zu erschweren, wird au\u00dferdem Google reCaptcha v3 eingesetzt, <a href=\"https:\/\/www.google.com\/intl\/de\/policies\/privacy\/\" target=\"_blank\" rel=\"noopener noreferrer\">die Datenschutzerkl\u00e4rung von Google finden Sie hier<\/a>. Sie k\u00f6nnen mich jederzeit betreffend des Wunsches nach L\u00f6schung eines Kommentars kontaktieren. Als Inhaber dieser Website sichte ich Kommentare und behalte mir&nbsp; eine jederzeitige L\u00f6schung und gegebenenfalls eine ReFormatierung oder K\u00fcrzung vor.<\/li>\n<li><strong>Cookies:<\/strong> Cookies sind Daten in Ihrem WebBrowser, die es dieser Website erm\u00f6glichen benutzerspezifische Informationen und Pr\u00e4ferenzen zu speichern, w\u00e4hrend diese Website besucht wird. Cookies helfen dabei, die Nutzungsh\u00e4ufigkeit und die Anzahl der Nutzer meiner Internetseiten zu ermitteln. Dabei werden einerseits Session-Cookies, die ausschlie\u00dflich f\u00fcr die Dauer der Nutzung der Website zwischengespeichert werden und teils auch permanente Cookies, um Informationen \u00fcber Besucher festzuhalten, die wiederholt auf die Website zugreifen, verwendet. Der Inhalt eines permanenten Cookies beschr\u00e4nkt sich auf eine Identifikationsnummer. Name, IP-Adresse usw. werden nicht gespeichert. Sie k\u00f6nnen in Ihrem Browser das Speichern von Cookies deaktivieren, auf bestimmte Webseiten beschr\u00e4nken oder den Webbrowser so einstellen, dass er Sie benachrichtigt, sobald ein Cookie gesendet wird. Cookies k\u00f6nnen auch jederzeit im Browser gel\u00f6scht werden.<\/li>\n<li><strong>Google Fonts:<\/strong> Auf dieser Webpr\u00e4senz werden teils Schriften von Google &nbsp;verwendet. Google Fonts ist ein Dienst der Google Inc. (\u201eGoogle\u201c). Die Einbindung dieser Web Fonts erfolgt durch einen Serveraufruf, in der Regel ein Server von Google in den USA. Hierdurch wird an den Server \u00fcbermittelt, welche unserer Seiten besucht wurden. Es wird Ihre IP-Adresse an Google \u00fcbertragen. N\u00e4here Informationen finden Sie in den Datenschutzhinweisen von Google:&nbsp;<a href=\"https:\/\/www.google.com\/policies\/privacy\/\">www.google.com\/policies\/privacy\/<\/a> &#8211; Dort k\u00f6nnen Sie im Datenschutzcenter Ihre Einstellungen ver\u00e4ndern und so Ihre Daten verwalten und sch\u00fctzen.<\/li>\n<li><strong>Server-Administration \/ Rechenzentrum:<\/strong> Diese Webpr\u00e4senz wird auf Servern von <a href=\"https:\/\/hitco.at\">hitco.at<\/a> betrieben. Die Systemadministration erfolgt durch&nbsp;<a href=\"https:\/\/gunnar.haslinger.biz\" target=\"_blank\" rel=\"noopener noreferrer\">Gunnar Haslinger<\/a>. Die Server selbst werden bereitgestellt durch die&nbsp;<a href=\"https:\/\/netcup.de\" target=\"_blank\" rel=\"noopener noreferrer\">Netcup GmbH<\/a>, mit welcher hierzu ein Auftragsdatenverarbeitungsvertrag gem\u00e4\u00df EU-DSGVO Artikel 28 geschlossen wurde.<\/li>\n<li><strong>Auskunftsrecht:&nbsp;<\/strong>Ihnen stehen grunds\u00e4tzlich die Rechte auf Auskunft, Berichtigung, L\u00f6schung, Einschr\u00e4nkung, Daten\u00fcbertragbarkeit, Widerruf und Widerspruch zu, soweit dem keine gesetzliche Aufbewahrungspflicht entgegensteht. Wenn Sie glauben, dass die Verarbeitung Ihrer Daten gegen das Datenschutzrecht verst\u00f6\u00dft oder Ihre datenschutzrechtlichen Anspr\u00fcche sonst in einer Weise verletzt worden sind, k\u00f6nnen Sie sich bei der zust\u00e4ndigen Auskunftsbeh\u00f6rde beschweren. In \u00d6sterreich ist dies die Datenschutzbeh\u00f6rde.&nbsp;<\/li>\n<\/ul>\n<p><strong>Wenn Sie weitere Fragen haben, kontaktiere Sie mich bitte!<\/strong><\/p>\n<p>Detaillierte Kontaktinformationen siehe:&nbsp;<a href=\"https:\/\/www.gunnar.haslinger.biz\" target=\"_blank\" rel=\"noopener noreferrer\">https:\/\/www.gunnar.haslinger.biz<\/a><\/p>\n","protected":false},"excerpt":{"rendered":"<p>Private Website von: Gunnar Haslinger,&nbsp;1140&nbsp;Wien, \u00d6sterreich Detaillierte Kontaktinformationen siehe:&nbsp;https:\/\/www.gunnar.haslinger.biz Vertrauliche Kommunikation per E-Mail mittels GPG Ich nehme auch verschl\u00fcsselte Mails entgegen, meinen GPG-Key erhalten Sie vom Keyserver ihres Vertrauens oder hier:&nbsp;GPG Key ID:&nbsp;0x81C190D57556CCEB,&nbsp;GPG Fingerprint:&nbsp;0A66 10EC 89A8 B69A 2DB2 B75A 81C1 90D5 7556 CCEB Erkl\u00e4rung zur Informationspflicht (Datenschutzerkl\u00e4rung) Ich lege gro\u00dfen Wert auf den Schutz Ihrer Daten. Ihre Daten werden ausschlie\u00dflich&#8230; <\/p>\n","protected":false},"author":1,"featured_media":0,"parent":0,"menu_order":0,"comment_status":"closed","ping_status":"open","template":"page-templates\/template-full-width.php","meta":{"ngg_post_thumbnail":0,"footnotes":""},"class_list":["post-2","page","type-page","status-publish","hentry"],"_links":{"self":[{"href":"https:\/\/hitco.at\/blog\/wp-json\/wp\/v2\/pages\/2","targetHints":{"allow":["GET"]}}],"collection":[{"href":"https:\/\/hitco.at\/blog\/wp-json\/wp\/v2\/pages"}],"about":[{"href":"https:\/\/hitco.at\/blog\/wp-json\/wp\/v2\/types\/page"}],"author":[{"embeddable":true,"href":"https:\/\/hitco.at\/blog\/wp-json\/wp\/v2\/users\/1"}],"replies":[{"embeddable":true,"href":"https:\/\/hitco.at\/blog\/wp-json\/wp\/v2\/comments?post=2"}],"version-history":[{"count":20,"href":"https:\/\/hitco.at\/blog\/wp-json\/wp\/v2\/pages\/2\/revisions"}],"predecessor-version":[{"id":1522,"href":"https:\/\/hitco.at\/blog\/wp-json\/wp\/v2\/pages\/2\/revisions\/1522"}],"wp:attachment":[{"href":"https:\/\/hitco.at\/blog\/wp-json\/wp\/v2\/media?parent=2"}],"curies":[{"name":"wp","href":"https:\/\/api.w.org\/{rel}","templated":true}]}}